{"id":5769,"date":"2024-07-02T23:43:29","date_gmt":"2024-07-02T21:43:29","guid":{"rendered":"https:\/\/www.alting.com\/equipo\/"},"modified":"2026-02-02T11:07:04","modified_gmt":"2026-02-02T10:07:04","slug":"team","status":"publish","type":"page","link":"https:\/\/www.alting.com\/en\/team\/","title":{"rendered":"Team"},"content":{"rendered":"<div\r\nclass=\"alting-hero alting-hero--narrow align wp-block-alting-hero\">\r\n\r\n\t<div class=\"alting-hero__media\">\r\n\t\t<img loading=\"lazy\" decoding=\"async\" width=\"1918\" height=\"1079\" src=\"https:\/\/www.alting.com\/wp-content\/uploads\/2024\/07\/pesonas-header.png\" class=\"alting-hero__image\" alt=\"\" \/>\t<\/div>\r\n\r\n\t<div class=\"alting-hero__overlay\"><\/div>\r\n\r\n\t<div class=\"alting-hero__content\">\r\n\r\n\t\t\r\n\t\t\r\n\t\t\t<\/div>\r\n<\/div>\r\n\n\n<div\r\n\tclass=\"alting-breadcrumb wp-block-alting-breadcrumb\" id=\"block_0fdae250e79d34ed77ab83514744ad1f\">\r\n\t<span><span><a href=\"https:\/\/www.alting.com\/en\/\">Home<\/a><\/span><\/span><\/div>\n\n<div\r\n\tclass=\"alting-heading-text alting-heading-text--prominent-type wp-block-alting-heading-text\" id=\"block_e0dfc655a2c0a681283da5aeafabf921\">\r\n\t<div class=\"alting-heading-text__wrapper\">\r\n\r\n\t\t\r\n\t\t\t\t<h1 class=\"alting-heading-text__title is-title\">\r\n\t\t\tTeam\t\t<\/h1>\r\n\t\t\t\r\n\t\t\r\n\t\t\t\t<div class=\"alting-heading-text__description is-description\">\r\n\t\t\t<p><strong>Alting has a multidisciplinary team with extensive experience in the real estate sector. <\/strong>We are passionate about what we do, which is why our main goal is to offer the best possible service based on trust and transparency as our core values.<\/p>\n\t\t<\/div>\r\n\t\t\t\r\n\t\t\t<\/div>\r\n<\/div>\r\n\t\n\n\n<div class=\"wp-block-group\" style=\"padding-top:var(--wp--preset--spacing--huge);padding-bottom:var(--wp--preset--spacing--huge)\"><div class=\"wp-block-group__inner-container is-layout-constrained wp-block-group-is-layout-constrained\"><div\r\n\tstyle=\"padding-top:var(--wp--preset--spacing--medium);padding-bottom:var(--wp--preset--spacing--medium);\" class=\"alting-vertical-boxes alting-vertical-boxes--regular-type wp-block-alting-vertical-boxes\" id=\"block_f037f97c4d949b43526d08845e1eb506\">\r\n\t<div class=\"alting-vertical-boxes__wrapper\">\r\n\t\t<div class=\"alting-vertical-boxes__list\">\r\n\t\t\t\t\t<div class=\"alting-vertical-boxes__item\">\r\n\t\t\t\t<div class=\"alting-vertical-boxes__item-media\">\r\n\t<img loading=\"lazy\" decoding=\"async\" width=\"802\" height=\"802\" src=\"https:\/\/www.alting.com\/wp-content\/uploads\/2024\/09\/Professionalism.png\" class=\"alting-vertical-boxes__item-image\" alt=\"\" srcset=\"https:\/\/www.alting.com\/wp-content\/uploads\/2024\/09\/Professionalism.png 802w, https:\/\/www.alting.com\/wp-content\/uploads\/2024\/09\/Professionalism-300x300.png 300w, https:\/\/www.alting.com\/wp-content\/uploads\/2024\/09\/Professionalism-150x150.png 150w, https:\/\/www.alting.com\/wp-content\/uploads\/2024\/09\/Professionalism-768x768.png 768w\" sizes=\"auto, (max-width: 802px) 100vw, 802px\" \/>\t<div class=\"alting-vertical-boxes__item-media-wrapper\">\r\n\t\t<a name=\"\"><\/a>\r\n\t\t<h2 class=\"alting-vertical-boxes__item-title\">\r\n\t\t\t\t\t<\/h2>\r\n\t\t\t<\/div>\r\n<\/div>\r\n\r\n<div class=\"alting-vertical-boxes__item-content\">\r\n    <p>Our experience, hard work, and dedication guide all our projects.<\/p>\n<\/div>\r\n\t\t\t<\/div>\r\n\t\t\t\t\t\t<div class=\"alting-vertical-boxes__item\">\r\n\t\t\t\t<div class=\"alting-vertical-boxes__item-media\">\r\n\t<img loading=\"lazy\" decoding=\"async\" width=\"802\" height=\"802\" src=\"https:\/\/www.alting.com\/wp-content\/uploads\/2024\/09\/Innovation.png\" class=\"alting-vertical-boxes__item-image\" alt=\"\" srcset=\"https:\/\/www.alting.com\/wp-content\/uploads\/2024\/09\/Innovation.png 802w, https:\/\/www.alting.com\/wp-content\/uploads\/2024\/09\/Innovation-300x300.png 300w, https:\/\/www.alting.com\/wp-content\/uploads\/2024\/09\/Innovation-150x150.png 150w, https:\/\/www.alting.com\/wp-content\/uploads\/2024\/09\/Innovation-768x768.png 768w\" sizes=\"auto, (max-width: 802px) 100vw, 802px\" \/>\t<div class=\"alting-vertical-boxes__item-media-wrapper\">\r\n\t\t<a name=\"\"><\/a>\r\n\t\t<h2 class=\"alting-vertical-boxes__item-title\">\r\n\t\t\t\t\t<\/h2>\r\n\t\t\t<\/div>\r\n<\/div>\r\n\r\n<div class=\"alting-vertical-boxes__item-content\">\r\n    <p>We anticipate and adapt to the new demands and trends in the market. Challenges we incorporate into each of our business lines.<\/p>\n<\/div>\r\n\t\t\t<\/div>\r\n\t\t\t\t\t\t<div class=\"alting-vertical-boxes__item\">\r\n\t\t\t\t<div class=\"alting-vertical-boxes__item-media\">\r\n\t<img loading=\"lazy\" decoding=\"async\" width=\"802\" height=\"802\" src=\"https:\/\/www.alting.com\/wp-content\/uploads\/2024\/09\/Social-Comitment.png\" class=\"alting-vertical-boxes__item-image\" alt=\"\" srcset=\"https:\/\/www.alting.com\/wp-content\/uploads\/2024\/09\/Social-Comitment.png 802w, https:\/\/www.alting.com\/wp-content\/uploads\/2024\/09\/Social-Comitment-300x300.png 300w, https:\/\/www.alting.com\/wp-content\/uploads\/2024\/09\/Social-Comitment-150x150.png 150w, https:\/\/www.alting.com\/wp-content\/uploads\/2024\/09\/Social-Comitment-768x768.png 768w\" sizes=\"auto, (max-width: 802px) 100vw, 802px\" \/>\t<div class=\"alting-vertical-boxes__item-media-wrapper\">\r\n\t\t<a name=\"\"><\/a>\r\n\t\t<h2 class=\"alting-vertical-boxes__item-title\">\r\n\t\t\t\t\t<\/h2>\r\n\t\t\t<\/div>\r\n<\/div>\r\n\r\n<div class=\"alting-vertical-boxes__item-content\">\r\n    <p>With the present and future in mind, we are committed to people and society, actively supporting several social and research projects.<\/p>\n<\/div>\r\n\t\t\t<\/div>\r\n\t\t\t\t\t<\/div>\r\n\t<\/div>\r\n<\/div>\r\n\t<\/div><\/div>\n\n\n<div\r\nstyle=\"margin-top:var(--wp--preset--spacing--huge);margin-bottom:var(--wp--preset--spacing--huge);\" class=\"alting-media alting-media--has-regular-width wp-block-alting-media\">\r\n\r\n\t<div class=\"alting-media__media\">\r\n\t\t<img loading=\"lazy\" decoding=\"async\" width=\"1800\" height=\"816\" src=\"https:\/\/www.alting.com\/wp-content\/uploads\/2024\/08\/06-Diagonal-477-oficinas-alting-min-scaled-1.jpg\" class=\"alting-media__image\" alt=\"\" \/>\t<\/div>\r\n<\/div>\r\n\n\n<div\r\n\tstyle=\"margin-top:var(--wp--preset--spacing--huge);margin-bottom:var(--wp--preset--spacing--huge);\" class=\"alting-heading-text alting-heading-text--two-columns-type wp-block-alting-heading-text\" id=\"block_b72975b70cfdca4f2721d6553ec684b1\">\r\n\t<div class=\"alting-heading-text__wrapper\">\r\n\r\n\t\t\r\n\t\t\t\t<h2 class=\"alting-heading-text__title is-title\">\r\n\t\t\tTalent\t\t<\/h2>\r\n\t\t\t\r\n\t\t\t\t<div class=\"alting-heading-text__subtitle\">\r\n\t\t\tThe driving force behind Alting\t\t<\/div>\r\n\t\t\t\r\n\t\t\t\t<div class=\"alting-heading-text__description is-description\">\r\n\t\t\t<p>At Alting we give you the opportunity to develop in a solid company that is clearly client-oriented, where our commitment is to forge relationships based on trust and team spirit.<\/p>\n\t\t<\/div>\r\n\t\t\t\r\n\t\t\t<\/div>\r\n<\/div>\r\n\t\n\n\n<div class=\"wp-block-group has-clear-background-color has-background\" style=\"padding-top:var(--wp--preset--spacing--huge);padding-bottom:var(--wp--preset--spacing--huge)\"><div class=\"wp-block-group__inner-container is-layout-constrained wp-block-group-is-layout-constrained\"><div\r\nclass=\"alting-text_image wp-block-alting-text-image\">\r\n\r\n\t<div class=\"alting-text_image__media\">\r\n\t\t<img loading=\"lazy\" decoding=\"async\" width=\"1600\" height=\"1200\" src=\"https:\/\/www.alting.com\/wp-content\/uploads\/2024\/07\/personas.png\" class=\"alting-text_image__image\" alt=\"\" \/>\t<\/div>\r\n\r\n\t<div class=\"alting-text_image__content\">\r\n\t\t<div class=\"alting-text_image__text\">\r\n\t\t\t<p>At Alting we are always looking for the top individuals to join our team of great people.<\/p>\n<p>If you are proactive, empathetic and want to further your career in the real estate sector, we\u2019d love to meet you.<\/p>\n<p>If there aren\u2019t any vacancies now, send us your resume and we\u2019ll keep it in mind for future selection processes.<\/p>\n\t\t<\/div>\r\n\r\n\t\t\t\t<div class=\"alting-text_image__action-list is-action-list\">\r\n\t\t\t\t\t\t<div class=\"alting-text_image__action-item is-action-item\">\r\n\t\t\t\t<a href=\"https:\/\/www.alting.com\/en\/work-with-us\/\" class=\"alting-text_image__action-link is-action-link nice-button\" target=\"\">\r\n\t\t\t\t\tJoin our team\t\t\t\t<\/a>\r\n\t\t\t<\/div>\r\n\t\t\t\t\t\t\t<\/div>\r\n\t\t\t\r\n\t<\/div>\r\n<\/div>\r\n<\/div><\/div>\n\n\n\n\n<div\r\n\tclass=\"alting-posts wp-block-alting-posts\" id=\"block_db3622f00465806b33272a6e389b02c2\">\r\n\r\n\t<div class=\"alting-posts__wrapper\">\r\n\r\n\t\t<h2 class=\"alting-posts__title\">\r\n\t\t\tRelated news\t\t<\/h2>\r\n\r\n\t\t<div class=\"alting-posts__list\">\r\n\t\t\t\t\t\t<div class=\"alting-posts__item\">\r\n\t\t\t\t<div class=\"alting-posts__item-media\">\r\n\t\t\t\t\t<a href=\"https:\/\/www.alting.com\/en\/alting-solidarity-project-el-arbol-de-tus-suenosla-caixa-foundation\/\" class=\"alting-posts__item-link alting-posts__item-link--media\">\r\n\t\t\t\t\t<img loading=\"lazy\" decoding=\"async\" width=\"1024\" height=\"753\" src=\"https:\/\/www.alting.com\/wp-content\/uploads\/2025\/12\/Alting-RSC-Fundacion-la-caixa-arbol-de-los-suenos-2025-1024x753.jpg\" class=\"alting-posts__item-image\" alt=\"Alting RSC - Fundaci\u00f3n la Caixa El \u00e1rbol de los sue\u00f1os\" \/>\t\t\t\t\t<\/a>\r\n\t\t\t\t<\/div>\r\n\t\t\t\t<div class=\"alting-posts__item-content\">\r\n\t\t\t\t\t<h3 class=\"alting-posts__item-title\">\r\n\t\t\t\t\t\t<a href=\"https:\/\/www.alting.com\/en\/alting-solidarity-project-el-arbol-de-tus-suenosla-caixa-foundation\/\" class=\"alting-posts__item-link alting-posts__item-link--title\">\r\n\t\t\t\t\t\t\tAlting joins \u201dla Caixa\u201d Foundation \u201cEl \u00c1rbol de tus Sue\u00f1os\u201d charity project to ensure every child has a toy\t\t\t\t\t\t<\/a>\r\n\t\t\t\t\t<\/h3>\r\n\t\t\t\t\t<a href=\"https:\/\/www.alting.com\/en\/alting-solidarity-project-el-arbol-de-tus-suenosla-caixa-foundation\/\" class=\"alting-posts__item-link read-more-link\">\r\n\t\t\t\t\t\tRead more\t\t\t\t\t<\/a>\r\n\t\t\t\t<\/div>\r\n\t\t\t<\/div>\r\n\t\t\t\t\t\t\t<div class=\"alting-posts__item\">\r\n\t\t\t\t<div class=\"alting-posts__item-media\">\r\n\t\t\t\t\t<a href=\"https:\/\/www.alting.com\/en\/personal-and-corporate-branding-workshops-with-alex-lopez-at-altings-offices\/\" class=\"alting-posts__item-link alting-posts__item-link--media\">\r\n\t\t\t\t\t<img loading=\"lazy\" decoding=\"async\" width=\"1024\" height=\"753\" src=\"https:\/\/www.alting.com\/wp-content\/uploads\/2026\/02\/Taller-LinkedIn-Blog-1024x753.jpg\" class=\"alting-posts__item-image\" alt=\"Talleres de marca personal y corporativa con \u00c1lex L\u00f3pez en las oficinas de Alting\" \/>\t\t\t\t\t<\/a>\r\n\t\t\t\t<\/div>\r\n\t\t\t\t<div class=\"alting-posts__item-content\">\r\n\t\t\t\t\t<h3 class=\"alting-posts__item-title\">\r\n\t\t\t\t\t\t<a href=\"https:\/\/www.alting.com\/en\/personal-and-corporate-branding-workshops-with-alex-lopez-at-altings-offices\/\" class=\"alting-posts__item-link alting-posts__item-link--title\">\r\n\t\t\t\t\t\t\tPersonal and Corporate Branding Workshops with \u00c1lex L\u00f3pez at Alting\u2019s Offices\t\t\t\t\t\t<\/a>\r\n\t\t\t\t\t<\/h3>\r\n\t\t\t\t\t<a href=\"https:\/\/www.alting.com\/en\/personal-and-corporate-branding-workshops-with-alex-lopez-at-altings-offices\/\" class=\"alting-posts__item-link read-more-link\">\r\n\t\t\t\t\t\tRead more\t\t\t\t\t<\/a>\r\n\t\t\t\t<\/div>\r\n\t\t\t<\/div>\r\n\t\t\t\t\t\t<\/div>\r\n\r\n\t\t<div class=\"alting-posts__action-list is-action-list\">\r\n\t\t\t<div class=\"alting-posts__action-item\">\r\n\t\t\t\t<a href=\"https:\/\/www.alting.com\/en\/blog\/\" class=\"alting-posts__action-item-link is-action-link nice-button\">\r\n\t\t\t\t\tSee all the news\t\t\t\t<\/a>\r\n\t\t\t<\/div>\r\n\t\t<\/div>\r\n\r\n\t<\/div>\r\n\r\n<\/div>\r\n\t","protected":false},"excerpt":{"rendered":"","protected":false},"author":1,"featured_media":0,"parent":0,"menu_order":0,"comment_status":"closed","ping_status":"closed","template":"","meta":{"_acf_changed":false,"inline_featured_image":false,"footnotes":""},"class_list":["post-5769","page","type-page","status-publish","hentry"],"acf":[],"yoast_head":"<!-- This site is optimized with the Yoast SEO plugin v25.3.1 - https:\/\/yoast.com\/wordpress\/plugins\/seo\/ -->\n<title>Alting | Professional team<\/title>\n<meta name=\"description\" content=\"Alting is a multidisciplinary team with extensive experience in the real estate sector with our main goal is to offer the best possible service based on trust and transparency as our core values.\" \/>\n<meta name=\"robots\" content=\"index, follow, max-snippet:-1, max-image-preview:large, max-video-preview:-1\" \/>\n<link rel=\"canonical\" href=\"https:\/\/www.alting.com\/en\/team\/\" \/>\n<meta property=\"og:locale\" content=\"en_US\" \/>\n<meta property=\"og:type\" content=\"article\" \/>\n<meta property=\"og:title\" content=\"Alting | Professional team\" \/>\n<meta property=\"og:description\" content=\"Alting is a multidisciplinary team with extensive experience in the real estate sector with our main goal is to offer the best possible service based on trust and transparency as our core values.\" \/>\n<meta property=\"og:url\" content=\"https:\/\/www.alting.com\/en\/team\/\" \/>\n<meta property=\"og:site_name\" content=\"Alting Grupo Inmobiliario | Inmobiliaria de lujo en Barcelona\" \/>\n<meta property=\"article:publisher\" content=\"https:\/\/es-es.facebook.com\/grupoinmobiliarioalting\" \/>\n<meta property=\"article:modified_time\" content=\"2026-02-02T10:07:04+00:00\" \/>\n<meta name=\"twitter:card\" content=\"summary_large_image\" \/>\n<script type=\"application\/ld+json\" class=\"yoast-schema-graph\">{\"@context\":\"https:\/\/schema.org\",\"@graph\":[{\"@type\":\"WebPage\",\"@id\":\"https:\/\/www.alting.com\/en\/team\/\",\"url\":\"https:\/\/www.alting.com\/en\/team\/\",\"name\":\"Alting | Professional team\",\"isPartOf\":{\"@id\":\"https:\/\/www.alting.com\/en\/#website\"},\"datePublished\":\"2024-07-02T21:43:29+00:00\",\"dateModified\":\"2026-02-02T10:07:04+00:00\",\"description\":\"Alting is a multidisciplinary team with extensive experience in the real estate sector with our main goal is to offer the best possible service based on trust and transparency as our core values.\",\"breadcrumb\":{\"@id\":\"https:\/\/www.alting.com\/en\/team\/#breadcrumb\"},\"inLanguage\":\"en-US\",\"potentialAction\":[{\"@type\":\"ReadAction\",\"target\":[\"https:\/\/www.alting.com\/en\/team\/\"]}]},{\"@type\":\"BreadcrumbList\",\"@id\":\"https:\/\/www.alting.com\/en\/team\/#breadcrumb\",\"itemListElement\":[{\"@type\":\"ListItem\",\"position\":1,\"name\":\"Home\",\"item\":\"https:\/\/www.alting.com\/en\/\"},{\"@type\":\"ListItem\",\"position\":2,\"name\":\"Team\"}]},{\"@type\":\"WebSite\",\"@id\":\"https:\/\/www.alting.com\/en\/#website\",\"url\":\"https:\/\/www.alting.com\/en\/\",\"name\":\"Alting Grupo Inmobiliario - Inmobiliaria de lujo en Barcelona\",\"description\":\"Somos un grupo inmobiliario con una consolidada trayectoria en inversi\u00f3n y gesti\u00f3n de activos inmobiliarios prime en Barcelona y Madrid, project management y agencia inmobiliaria.\",\"publisher\":{\"@id\":\"https:\/\/www.alting.com\/en\/#organization\"},\"potentialAction\":[{\"@type\":\"SearchAction\",\"target\":{\"@type\":\"EntryPoint\",\"urlTemplate\":\"https:\/\/www.alting.com\/en\/?s={search_term_string}\"},\"query-input\":{\"@type\":\"PropertyValueSpecification\",\"valueRequired\":true,\"valueName\":\"search_term_string\"}}],\"inLanguage\":\"en-US\"},{\"@type\":\"Organization\",\"@id\":\"https:\/\/www.alting.com\/en\/#organization\",\"name\":\"Alting Grupo Inmobiliario - Inmobiliaria de lujo en Barcelona\",\"url\":\"https:\/\/www.alting.com\/en\/\",\"logo\":{\"@type\":\"ImageObject\",\"inLanguage\":\"en-US\",\"@id\":\"https:\/\/www.alting.com\/en\/#\/schema\/logo\/image\/\",\"url\":\"https:\/\/www.alting.com\/wp-content\/uploads\/2024\/08\/Alting-logo.png\",\"contentUrl\":\"https:\/\/www.alting.com\/wp-content\/uploads\/2024\/08\/Alting-logo.png\",\"width\":696,\"height\":696,\"caption\":\"Alting Grupo Inmobiliario - Inmobiliaria de lujo en Barcelona\"},\"image\":{\"@id\":\"https:\/\/www.alting.com\/en\/#\/schema\/logo\/image\/\"},\"sameAs\":[\"https:\/\/es-es.facebook.com\/grupoinmobiliarioalting\",\"https:\/\/www.linkedin.com\/company\/alting-grupo-inmobiliario\/?originalSubdomain=es\",\"https:\/\/www.instagram.com\/altinggrupoinmobiliario\/\",\"https:\/\/www.youtube.com\/channel\/UCv1G_MYN2I9hKp1uwgy5Y6Q\"]}]}<\/script>\n<!-- \/ Yoast SEO plugin. -->","yoast_head_json":{"title":"Alting | Professional team","description":"Alting is a multidisciplinary team with extensive experience in the real estate sector with our main goal is to offer the best possible service based on trust and transparency as our core values.","robots":{"index":"index","follow":"follow","max-snippet":"max-snippet:-1","max-image-preview":"max-image-preview:large","max-video-preview":"max-video-preview:-1"},"canonical":"https:\/\/www.alting.com\/en\/team\/","og_locale":"en_US","og_type":"article","og_title":"Alting | Professional team","og_description":"Alting is a multidisciplinary team with extensive experience in the real estate sector with our main goal is to offer the best possible service based on trust and transparency as our core values.","og_url":"https:\/\/www.alting.com\/en\/team\/","og_site_name":"Alting Grupo Inmobiliario | Inmobiliaria de lujo en Barcelona","article_publisher":"https:\/\/es-es.facebook.com\/grupoinmobiliarioalting","article_modified_time":"2026-02-02T10:07:04+00:00","twitter_card":"summary_large_image","schema":{"@context":"https:\/\/schema.org","@graph":[{"@type":"WebPage","@id":"https:\/\/www.alting.com\/en\/team\/","url":"https:\/\/www.alting.com\/en\/team\/","name":"Alting | Professional team","isPartOf":{"@id":"https:\/\/www.alting.com\/en\/#website"},"datePublished":"2024-07-02T21:43:29+00:00","dateModified":"2026-02-02T10:07:04+00:00","description":"Alting is a multidisciplinary team with extensive experience in the real estate sector with our main goal is to offer the best possible service based on trust and transparency as our core values.","breadcrumb":{"@id":"https:\/\/www.alting.com\/en\/team\/#breadcrumb"},"inLanguage":"en-US","potentialAction":[{"@type":"ReadAction","target":["https:\/\/www.alting.com\/en\/team\/"]}]},{"@type":"BreadcrumbList","@id":"https:\/\/www.alting.com\/en\/team\/#breadcrumb","itemListElement":[{"@type":"ListItem","position":1,"name":"Home","item":"https:\/\/www.alting.com\/en\/"},{"@type":"ListItem","position":2,"name":"Team"}]},{"@type":"WebSite","@id":"https:\/\/www.alting.com\/en\/#website","url":"https:\/\/www.alting.com\/en\/","name":"Alting Grupo Inmobiliario - Inmobiliaria de lujo en Barcelona","description":"Somos un grupo inmobiliario con una consolidada trayectoria en inversi\u00f3n y gesti\u00f3n de activos inmobiliarios prime en Barcelona y Madrid, project management y agencia inmobiliaria.","publisher":{"@id":"https:\/\/www.alting.com\/en\/#organization"},"potentialAction":[{"@type":"SearchAction","target":{"@type":"EntryPoint","urlTemplate":"https:\/\/www.alting.com\/en\/?s={search_term_string}"},"query-input":{"@type":"PropertyValueSpecification","valueRequired":true,"valueName":"search_term_string"}}],"inLanguage":"en-US"},{"@type":"Organization","@id":"https:\/\/www.alting.com\/en\/#organization","name":"Alting Grupo Inmobiliario - Inmobiliaria de lujo en Barcelona","url":"https:\/\/www.alting.com\/en\/","logo":{"@type":"ImageObject","inLanguage":"en-US","@id":"https:\/\/www.alting.com\/en\/#\/schema\/logo\/image\/","url":"https:\/\/www.alting.com\/wp-content\/uploads\/2024\/08\/Alting-logo.png","contentUrl":"https:\/\/www.alting.com\/wp-content\/uploads\/2024\/08\/Alting-logo.png","width":696,"height":696,"caption":"Alting Grupo Inmobiliario - Inmobiliaria de lujo en Barcelona"},"image":{"@id":"https:\/\/www.alting.com\/en\/#\/schema\/logo\/image\/"},"sameAs":["https:\/\/es-es.facebook.com\/grupoinmobiliarioalting","https:\/\/www.linkedin.com\/company\/alting-grupo-inmobiliario\/?originalSubdomain=es","https:\/\/www.instagram.com\/altinggrupoinmobiliario\/","https:\/\/www.youtube.com\/channel\/UCv1G_MYN2I9hKp1uwgy5Y6Q"]}]}},"_links":{"self":[{"href":"https:\/\/www.alting.com\/en\/wp-json\/wp\/v2\/pages\/5769","targetHints":{"allow":["GET"]}}],"collection":[{"href":"https:\/\/www.alting.com\/en\/wp-json\/wp\/v2\/pages"}],"about":[{"href":"https:\/\/www.alting.com\/en\/wp-json\/wp\/v2\/types\/page"}],"author":[{"embeddable":true,"href":"https:\/\/www.alting.com\/en\/wp-json\/wp\/v2\/users\/1"}],"replies":[{"embeddable":true,"href":"https:\/\/www.alting.com\/en\/wp-json\/wp\/v2\/comments?post=5769"}],"version-history":[{"count":15,"href":"https:\/\/www.alting.com\/en\/wp-json\/wp\/v2\/pages\/5769\/revisions"}],"predecessor-version":[{"id":13696,"href":"https:\/\/www.alting.com\/en\/wp-json\/wp\/v2\/pages\/5769\/revisions\/13696"}],"wp:attachment":[{"href":"https:\/\/www.alting.com\/en\/wp-json\/wp\/v2\/media?parent=5769"}],"curies":[{"name":"wp","href":"https:\/\/api.w.org\/{rel}","templated":true}]}}