{"id":5787,"date":"2024-06-02T11:55:58","date_gmt":"2024-06-02T09:55:58","guid":{"rendered":"https:\/\/www.alting.com\/inversiones\/"},"modified":"2024-09-06T13:46:31","modified_gmt":"2024-09-06T11:46:31","slug":"inversions-actius","status":"publish","type":"page","link":"https:\/\/www.alting.com\/ca\/inversions-actius\/","title":{"rendered":"Inversions"},"content":{"rendered":"<div\r\nclass=\"alting-hero alting-hero--narrow align wp-block-alting-hero\">\r\n\r\n\t<div class=\"alting-hero__media\">\r\n\t\t<img loading=\"lazy\" decoding=\"async\" width=\"1708\" height=\"2560\" src=\"https:\/\/www.alting.com\/wp-content\/uploads\/2024\/07\/inversiones-header-scaled.jpg\" class=\"alting-hero__image\" alt=\"\" \/>\t<\/div>\r\n\r\n\t<div class=\"alting-hero__overlay\"><\/div>\r\n\r\n\t<div class=\"alting-hero__content\">\r\n\r\n\t\t\t\t<h1 class=\"alting-hero__title\">\r\n\t\t\tInversions\t\t<\/h1>\r\n\t\t\r\n\t\t\r\n\t\t\t<\/div>\r\n<\/div>\r\n\n\n<div\r\n\tclass=\"alting-breadcrumb wp-block-alting-breadcrumb\" id=\"block_49e267246d6ee87affe8f4deab5b0e27\">\r\n\t<span><span><a href=\"https:\/\/www.alting.com\/ca\/\">Home<\/a><\/span><\/span><\/div>\n\n<div\r\n\tclass=\"alting-heading-text alting-heading-text--prominent-type wp-block-alting-heading-text\" id=\"block_5ed3b37edcc7f284d43bab4d0f124417\">\r\n\t<div class=\"alting-heading-text__wrapper\">\r\n\r\n\t\t\r\n\t\t\r\n\t\t\r\n\t\t\t\t<div class=\"alting-heading-text__description is-description\">\r\n\t\t\t<p>Invertim i gestionem actius immobiliaris terciaris i residencials prime a Barcelona i Madrid construint un patrimoni diversificat d&#8217;alta qualitat.<\/p>\n\t\t<\/div>\r\n\t\t\t\r\n\t\t\t<\/div>\r\n<\/div>\r\n\t\n\n<div\r\n\tstyle=\"margin-top:var(--wp--preset--spacing--huge);\" class=\"alting-investment-types wp-block-alting-investment-types\" id=\"block_3f81317ca862f6198ad759d6053c797c\">\r\n\r\n\t<div\r\n\tclass=\"alting-horizontal-boxes alting-horizontal-boxes--tall-type wp-block-alting-horizontal-boxes\" id=\"block_026f4053892f1065965cb19eff6a4082\">\r\n\t<div class=\"alting-horizontal-boxes__wrapper\">\r\n\t\t<div class=\"alting-horizontal-boxes__list\">\r\n\t\t\t\t\t<div class=\"alting-horizontal-boxes__item\">\r\n\t\t\t\t<a href=\"https:\/\/www.alting.com\/ca\/inversions-actius\/hotels\/\" class=\"alting-horizontal-boxes__item__link\">\r\n\t\t\t\t\t<div class=\"alting-horizontal-boxes__item__media\">\r\n\t\t\t\t\t\t<img loading=\"lazy\" decoding=\"async\" width=\"776\" height=\"1012\" src=\"https:\/\/www.alting.com\/wp-content\/uploads\/2024\/08\/hoteles.png\" class=\"alting-horizontal-boxes__item__image\" alt=\"\" srcset=\"https:\/\/www.alting.com\/wp-content\/uploads\/2024\/08\/hoteles.png 776w, https:\/\/www.alting.com\/wp-content\/uploads\/2024\/08\/hoteles-768x1002.png 768w\" sizes=\"auto, (max-width: 776px) 100vw, 776px\" \/>\t\t\t\t\t<\/div>\r\n\r\n\t\t\t\t\t<div class=\"alting-horizontal-boxes__item__content\">\r\n\t\t\t\t\t\t<div class=\"alting-horizontal-boxes__item__title\">\r\n\t\t\t\t\t\t\tHotels\t\t\t\t\t\t<\/div>\r\n\t\t\t\t\t\t\t\t\t\t\t\t<div class=\"alting-horizontal-boxes__item__description\">\r\n\t\t\t\t\t\t\tHotels urbans de luxe en apartaments d&#8217;\u00fas tur\u00edstic de Barcelona i Madrid. \t\t\t\t\t\t<\/div>\r\n\t\t\t\t\t\t\t\t\t\t\t\t<\/div>\r\n\t\t\t\t<\/a>\r\n\t\t\t<\/div>\r\n\t\t\t\t\t\t<div class=\"alting-horizontal-boxes__item\">\r\n\t\t\t\t<a href=\"https:\/\/www.alting.com\/ca\/inversions-actius\/edificis-d-oficines\/\" class=\"alting-horizontal-boxes__item__link\">\r\n\t\t\t\t\t<div class=\"alting-horizontal-boxes__item__media\">\r\n\t\t\t\t\t\t<img loading=\"lazy\" decoding=\"async\" width=\"388\" height=\"506\" src=\"https:\/\/www.alting.com\/wp-content\/uploads\/2024\/08\/Alting-oficinas-1.png\" class=\"alting-horizontal-boxes__item__image\" alt=\"\" \/>\t\t\t\t\t<\/div>\r\n\r\n\t\t\t\t\t<div class=\"alting-horizontal-boxes__item__content\">\r\n\t\t\t\t\t\t<div class=\"alting-horizontal-boxes__item__title\">\r\n\t\t\t\t\t\t\tEdificis d&#039;oficines\t\t\t\t\t\t<\/div>\r\n\t\t\t\t\t\t\t\t\t\t\t\t<div class=\"alting-horizontal-boxes__item__description\">\r\n\t\t\t\t\t\t\tEdificis multiinquil\u00ed d&#8217;habitatges amb les m\u00e0ximes prestacions\r\n\t\t\t\t\t\t<\/div>\r\n\t\t\t\t\t\t\t\t\t\t\t\t<\/div>\r\n\t\t\t\t<\/a>\r\n\t\t\t<\/div>\r\n\t\t\t\t\t\t<div class=\"alting-horizontal-boxes__item\">\r\n\t\t\t\t<a href=\"https:\/\/www.alting.com\/ca\/inversions-actius\/retail\/\" class=\"alting-horizontal-boxes__item__link\">\r\n\t\t\t\t\t<div class=\"alting-horizontal-boxes__item__media\">\r\n\t\t\t\t\t\t<img loading=\"lazy\" decoding=\"async\" width=\"388\" height=\"506\" src=\"https:\/\/www.alting.com\/wp-content\/uploads\/2024\/08\/Alting-retail-1.png\" class=\"alting-horizontal-boxes__item__image\" alt=\"\" \/>\t\t\t\t\t<\/div>\r\n\r\n\t\t\t\t\t<div class=\"alting-horizontal-boxes__item__content\">\r\n\t\t\t\t\t\t<div class=\"alting-horizontal-boxes__item__title\">\r\n\t\t\t\t\t\t\tRetail\t\t\t\t\t\t<\/div>\r\n\t\t\t\t\t\t\t\t\t\t\t\t<div class=\"alting-horizontal-boxes__item__description\">\r\n\t\t\t\t\t\t\tLocals comercials en lloguer a ubicacions premium de Barcelona i Madrid.\t\t\t\t\t\t<\/div>\r\n\t\t\t\t\t\t\t\t\t\t\t\t<\/div>\r\n\t\t\t\t<\/a>\r\n\t\t\t<\/div>\r\n\t\t\t\t\t\t<div class=\"alting-horizontal-boxes__item\">\r\n\t\t\t\t<a href=\"https:\/\/www.alting.com\/ca\/inversions-actius\/edificis-dhabitatges\/\" class=\"alting-horizontal-boxes__item__link\">\r\n\t\t\t\t\t<div class=\"alting-horizontal-boxes__item__media\">\r\n\t\t\t\t\t\t<img loading=\"lazy\" decoding=\"async\" width=\"388\" height=\"506\" src=\"https:\/\/www.alting.com\/wp-content\/uploads\/2024\/08\/Alting-viviendas.png\" class=\"alting-horizontal-boxes__item__image\" alt=\"\" \/>\t\t\t\t\t<\/div>\r\n\r\n\t\t\t\t\t<div class=\"alting-horizontal-boxes__item__content\">\r\n\t\t\t\t\t\t<div class=\"alting-horizontal-boxes__item__title\">\r\n\t\t\t\t\t\t\tEdificis d&#039;habitatges\t\t\t\t\t\t<\/div>\r\n\t\t\t\t\t\t\t\t\t\t\t\t<div class=\"alting-horizontal-boxes__item__description\">\r\n\t\t\t\t\t\t\tEdificios multiinquil\u00ed d&#8217;habitatges amb les m\u00e0ximes prestacions.\t\t\t\t\t\t<\/div>\r\n\t\t\t\t\t\t\t\t\t\t\t\t<\/div>\r\n\t\t\t\t<\/a>\r\n\t\t\t<\/div>\r\n\t\t\t\t\t<\/div>\r\n\t<\/div>\r\n<\/div>\r\n\t\r\n\t\t<div class=\"alting-investment-types__action-list is-action-list\">\r\n\t\t<div class=\"alting-investment-types__action-item is-action-item\">\r\n\t\t\t<a href=\"https:\/\/www.alting.com\/ca\/inversions\/\" class=\"alting-investment-types__action-link is-action-link nice-button\">\r\n\t\t\t\tTots els actius\t\t\t<\/a>\r\n\t\t<\/div>\r\n\t<\/div>\r\n\t\t\r\n<\/div>\r\n\n\n<div\r\nstyle=\"margin-top:var(--wp--preset--spacing--huge);margin-bottom:var(--wp--preset--spacing--huge);\" class=\"alting-banner wp-block-alting-banner\">\r\n\r\n\t<div class=\"alting-banner__media\">\r\n\t\t<img loading=\"lazy\" decoding=\"async\" width=\"1000\" height=\"1069\" src=\"https:\/\/www.alting.com\/wp-content\/uploads\/2024\/07\/casos-exito-header.jpg\" class=\"alting-banner__image\" alt=\"\" \/>\t<\/div>\r\n\r\n\t<div class=\"alting-banner__overlay\"><\/div>\r\n\r\n\t<div class=\"alting-banner__content\">\r\n\t\t<div class=\"alting-banner__title\">\r\n\t\t\tDescobreix els nostres casos d&#039;\u00e8xit\t\t<\/div>\r\n\t\t\r\n\t\t\t\t<div class=\"alting-banner__action-list is-action-list\">\r\n\t\t\t\t\t\t<div class=\"alting-banner__action-item is-action-item\">\r\n\t\t\t\t<a href=\"https:\/\/www.alting.com\/ca\/casos-d-exit\" class=\"alting-banner__action-link is-action-link nice-button\" target=\"\">\r\n\t\t\t\t\tCasos d&#039;\u00e8xit\t\t\t\t<\/a>\r\n\t\t\t<\/div>\r\n\t\t\t\t\t\t\t<\/div>\r\n\t\t\t\r\n\t<\/div>\r\n<\/div>\r\n\n\n<div\r\n\t>\r\n\t<div class=\"alting-content-columns__list\">\r\n\t\t\t<div class=\"alting-content-columns__item\" style=\"background-color:var(--wp--preset--color--contrast)\">\r\n\t\t\t<div class=\"alting-content-columns__contents\">\r\n    <div class=\"alting-content-columns__contents-wrapper\">\r\n\r\n        \r\n                <h2 class=\"alting-content-columns__title\">\r\n            Proposta de valor        <\/h2>\r\n            \r\n                <div class=\"alting-content-columns__text is_description\">\r\n            <p>A Alting advoquem per una clara estrat\u00e8gia d&#8217;adquisici\u00f3 i aportaci\u00f3 de valor a actius immobiliaris a les millors zones de Barcelona i Madrid, incorporant-los posteriorment al nostre portafolis d&#8217;actius prime de lloguer o b\u00e9 destinant-los a la venda per a la posterior reinversi\u00f3.<\/p>\n        <\/div>\r\n            \r\n    <\/div>\r\n<\/div>\r\n\t\t<\/div>\r\n\t\t\t\t<div class=\"alting-content-columns__item\" style=\"background-color:var(--wp--preset--color--contrast)\">\r\n\t\t\t<div class=\"alting-content-columns__media\">\r\n    <img loading=\"lazy\" decoding=\"async\" width=\"1682\" height=\"1847\" src=\"https:\/\/www.alting.com\/wp-content\/uploads\/2024\/07\/content.png\" class=\"alting-content-columns__image\" alt=\"\" \/><\/div>\t\t<\/div>\r\n\t\t\t\t<div class=\"alting-content-columns__item\" style=\"background-color:var(--wp--preset--color--clear)\">\r\n\t\t\t<div class=\"alting-content-columns__contents\">\r\n    <div class=\"alting-content-columns__contents-wrapper\">\r\n\r\n        \r\n                <h2 class=\"alting-content-columns__title\">\r\n             Proc\u00e9s d&#039;inclusi\u00f3 d&#039;un nou actiu a la nostra cartera        <\/h2>\r\n            \r\n                <div class=\"alting-content-columns__text is_description\">\r\n            <p>Estudiem la viabilitat i el millor rendiment de cada immoble<\/p>\n        <\/div>\r\n            \r\n    <\/div>\r\n<\/div>\r\n\t\t<\/div>\r\n\t\t\t\t<div class=\"alting-content-columns__item\" style=\"background-color:var(--wp--preset--color--contrast)\">\r\n\t\t\t<div class=\"alting-content-columns__contents\">\r\n    <div class=\"alting-content-columns__contents-wrapper\">\r\n\r\n        \r\n        \r\n                <div class=\"alting-content-columns__text is_description\">\r\n            <ol>\n<li>An\u00e0lisis preliminar<\/li>\n<li>Comit\u00e8 d\u2019inversions<\/li>\n<li>Posta en marxa<\/li>\n<li>Comercialitzaci\u00f3<\/li>\n<li>Gesti\u00f3 del patrimoni<\/li>\n<li>Millora cont\u00ednua<\/li>\n<\/ol>\n        <\/div>\r\n            \r\n    <\/div>\r\n<\/div>\r\n\t\t<\/div>\r\n\t\t\t<\/div>\r\n\r\n<\/div>\r\n\t","protected":false},"excerpt":{"rendered":"","protected":false},"author":1,"featured_media":0,"parent":0,"menu_order":0,"comment_status":"closed","ping_status":"closed","template":"","meta":{"_acf_changed":false,"inline_featured_image":false,"footnotes":""},"class_list":["post-5787","page","type-page","status-publish","hentry"],"acf":[],"yoast_head":"<!-- This site is optimized with the Yoast SEO plugin v25.3.1 - https:\/\/yoast.com\/wordpress\/plugins\/seo\/ -->\n<title>Alting | Inversions<\/title>\n<meta name=\"description\" content=\"Invertim i gestionem actius immobiliaris terciaris i residencials prime a Barcelona i Madrid construint un patrimoni diversificat d\u2019alta qualitat.\" \/>\n<meta name=\"robots\" content=\"index, follow, max-snippet:-1, max-image-preview:large, max-video-preview:-1\" \/>\n<link rel=\"canonical\" href=\"https:\/\/www.alting.com\/ca\/inversions-actius\/\" \/>\n<meta property=\"og:locale\" content=\"ca_ES\" \/>\n<meta property=\"og:type\" content=\"article\" \/>\n<meta property=\"og:title\" content=\"Alting | Inversions\" \/>\n<meta property=\"og:description\" content=\"Invertim i gestionem actius immobiliaris terciaris i residencials prime a Barcelona i Madrid construint un patrimoni diversificat d\u2019alta qualitat.\" \/>\n<meta property=\"og:url\" content=\"https:\/\/www.alting.com\/ca\/inversions-actius\/\" \/>\n<meta property=\"og:site_name\" content=\"Alting Grupo Inmobiliario | Inmobiliaria de lujo en Barcelona\" \/>\n<meta property=\"article:publisher\" content=\"https:\/\/es-es.facebook.com\/grupoinmobiliarioalting\" \/>\n<meta property=\"article:modified_time\" content=\"2024-09-06T11:46:31+00:00\" \/>\n<meta name=\"twitter:card\" content=\"summary_large_image\" \/>\n<script type=\"application\/ld+json\" class=\"yoast-schema-graph\">{\"@context\":\"https:\/\/schema.org\",\"@graph\":[{\"@type\":\"WebPage\",\"@id\":\"https:\/\/www.alting.com\/ca\/inversions-actius\/\",\"url\":\"https:\/\/www.alting.com\/ca\/inversions-actius\/\",\"name\":\"Alting | Inversions\",\"isPartOf\":{\"@id\":\"https:\/\/www.alting.com\/ca\/#website\"},\"datePublished\":\"2024-06-02T09:55:58+00:00\",\"dateModified\":\"2024-09-06T11:46:31+00:00\",\"description\":\"Invertim i gestionem actius immobiliaris terciaris i residencials prime a Barcelona i Madrid construint un patrimoni diversificat d\u2019alta qualitat.\",\"breadcrumb\":{\"@id\":\"https:\/\/www.alting.com\/ca\/inversions-actius\/#breadcrumb\"},\"inLanguage\":\"ca\",\"potentialAction\":[{\"@type\":\"ReadAction\",\"target\":[\"https:\/\/www.alting.com\/ca\/inversions-actius\/\"]}]},{\"@type\":\"BreadcrumbList\",\"@id\":\"https:\/\/www.alting.com\/ca\/inversions-actius\/#breadcrumb\",\"itemListElement\":[{\"@type\":\"ListItem\",\"position\":1,\"name\":\"Home\",\"item\":\"https:\/\/www.alting.com\/ca\/\"},{\"@type\":\"ListItem\",\"position\":2,\"name\":\"Inversions\"}]},{\"@type\":\"WebSite\",\"@id\":\"https:\/\/www.alting.com\/ca\/#website\",\"url\":\"https:\/\/www.alting.com\/ca\/\",\"name\":\"Alting Grupo Inmobiliario - Inmobiliaria de lujo en Barcelona\",\"description\":\"Somos un grupo inmobiliario con una consolidada trayectoria en inversi\u00f3n y gesti\u00f3n de activos inmobiliarios prime, project management y agencia inmobiliaria.\",\"publisher\":{\"@id\":\"https:\/\/www.alting.com\/ca\/#organization\"},\"potentialAction\":[{\"@type\":\"SearchAction\",\"target\":{\"@type\":\"EntryPoint\",\"urlTemplate\":\"https:\/\/www.alting.com\/ca\/?s={search_term_string}\"},\"query-input\":{\"@type\":\"PropertyValueSpecification\",\"valueRequired\":true,\"valueName\":\"search_term_string\"}}],\"inLanguage\":\"ca\"},{\"@type\":\"Organization\",\"@id\":\"https:\/\/www.alting.com\/ca\/#organization\",\"name\":\"Alting Grupo Inmobiliario - Inmobiliaria de lujo en Barcelona\",\"url\":\"https:\/\/www.alting.com\/ca\/\",\"logo\":{\"@type\":\"ImageObject\",\"inLanguage\":\"ca\",\"@id\":\"https:\/\/www.alting.com\/ca\/#\/schema\/logo\/image\/\",\"url\":\"https:\/\/www.alting.com\/wp-content\/uploads\/2024\/08\/Alting-logo.png\",\"contentUrl\":\"https:\/\/www.alting.com\/wp-content\/uploads\/2024\/08\/Alting-logo.png\",\"width\":696,\"height\":696,\"caption\":\"Alting Grupo Inmobiliario - Inmobiliaria de lujo en Barcelona\"},\"image\":{\"@id\":\"https:\/\/www.alting.com\/ca\/#\/schema\/logo\/image\/\"},\"sameAs\":[\"https:\/\/es-es.facebook.com\/grupoinmobiliarioalting\",\"https:\/\/www.linkedin.com\/company\/alting-grupo-inmobiliario\/?originalSubdomain=es\",\"https:\/\/www.instagram.com\/altinggrupoinmobiliario\/\",\"https:\/\/www.youtube.com\/channel\/UCv1G_MYN2I9hKp1uwgy5Y6Q\"]}]}<\/script>\n<!-- \/ Yoast SEO plugin. -->","yoast_head_json":{"title":"Alting | Inversions","description":"Invertim i gestionem actius immobiliaris terciaris i residencials prime a Barcelona i Madrid construint un patrimoni diversificat d\u2019alta qualitat.","robots":{"index":"index","follow":"follow","max-snippet":"max-snippet:-1","max-image-preview":"max-image-preview:large","max-video-preview":"max-video-preview:-1"},"canonical":"https:\/\/www.alting.com\/ca\/inversions-actius\/","og_locale":"ca_ES","og_type":"article","og_title":"Alting | Inversions","og_description":"Invertim i gestionem actius immobiliaris terciaris i residencials prime a Barcelona i Madrid construint un patrimoni diversificat d\u2019alta qualitat.","og_url":"https:\/\/www.alting.com\/ca\/inversions-actius\/","og_site_name":"Alting Grupo Inmobiliario | Inmobiliaria de lujo en Barcelona","article_publisher":"https:\/\/es-es.facebook.com\/grupoinmobiliarioalting","article_modified_time":"2024-09-06T11:46:31+00:00","twitter_card":"summary_large_image","schema":{"@context":"https:\/\/schema.org","@graph":[{"@type":"WebPage","@id":"https:\/\/www.alting.com\/ca\/inversions-actius\/","url":"https:\/\/www.alting.com\/ca\/inversions-actius\/","name":"Alting | Inversions","isPartOf":{"@id":"https:\/\/www.alting.com\/ca\/#website"},"datePublished":"2024-06-02T09:55:58+00:00","dateModified":"2024-09-06T11:46:31+00:00","description":"Invertim i gestionem actius immobiliaris terciaris i residencials prime a Barcelona i Madrid construint un patrimoni diversificat d\u2019alta qualitat.","breadcrumb":{"@id":"https:\/\/www.alting.com\/ca\/inversions-actius\/#breadcrumb"},"inLanguage":"ca","potentialAction":[{"@type":"ReadAction","target":["https:\/\/www.alting.com\/ca\/inversions-actius\/"]}]},{"@type":"BreadcrumbList","@id":"https:\/\/www.alting.com\/ca\/inversions-actius\/#breadcrumb","itemListElement":[{"@type":"ListItem","position":1,"name":"Home","item":"https:\/\/www.alting.com\/ca\/"},{"@type":"ListItem","position":2,"name":"Inversions"}]},{"@type":"WebSite","@id":"https:\/\/www.alting.com\/ca\/#website","url":"https:\/\/www.alting.com\/ca\/","name":"Alting Grupo Inmobiliario - Inmobiliaria de lujo en Barcelona","description":"Somos un grupo inmobiliario con una consolidada trayectoria en inversi\u00f3n y gesti\u00f3n de activos inmobiliarios prime, project management y agencia inmobiliaria.","publisher":{"@id":"https:\/\/www.alting.com\/ca\/#organization"},"potentialAction":[{"@type":"SearchAction","target":{"@type":"EntryPoint","urlTemplate":"https:\/\/www.alting.com\/ca\/?s={search_term_string}"},"query-input":{"@type":"PropertyValueSpecification","valueRequired":true,"valueName":"search_term_string"}}],"inLanguage":"ca"},{"@type":"Organization","@id":"https:\/\/www.alting.com\/ca\/#organization","name":"Alting Grupo Inmobiliario - Inmobiliaria de lujo en Barcelona","url":"https:\/\/www.alting.com\/ca\/","logo":{"@type":"ImageObject","inLanguage":"ca","@id":"https:\/\/www.alting.com\/ca\/#\/schema\/logo\/image\/","url":"https:\/\/www.alting.com\/wp-content\/uploads\/2024\/08\/Alting-logo.png","contentUrl":"https:\/\/www.alting.com\/wp-content\/uploads\/2024\/08\/Alting-logo.png","width":696,"height":696,"caption":"Alting Grupo Inmobiliario - Inmobiliaria de lujo en Barcelona"},"image":{"@id":"https:\/\/www.alting.com\/ca\/#\/schema\/logo\/image\/"},"sameAs":["https:\/\/es-es.facebook.com\/grupoinmobiliarioalting","https:\/\/www.linkedin.com\/company\/alting-grupo-inmobiliario\/?originalSubdomain=es","https:\/\/www.instagram.com\/altinggrupoinmobiliario\/","https:\/\/www.youtube.com\/channel\/UCv1G_MYN2I9hKp1uwgy5Y6Q"]}]}},"_links":{"self":[{"href":"https:\/\/www.alting.com\/ca\/wp-json\/wp\/v2\/pages\/5787","targetHints":{"allow":["GET"]}}],"collection":[{"href":"https:\/\/www.alting.com\/ca\/wp-json\/wp\/v2\/pages"}],"about":[{"href":"https:\/\/www.alting.com\/ca\/wp-json\/wp\/v2\/types\/page"}],"author":[{"embeddable":true,"href":"https:\/\/www.alting.com\/ca\/wp-json\/wp\/v2\/users\/1"}],"replies":[{"embeddable":true,"href":"https:\/\/www.alting.com\/ca\/wp-json\/wp\/v2\/comments?post=5787"}],"version-history":[{"count":10,"href":"https:\/\/www.alting.com\/ca\/wp-json\/wp\/v2\/pages\/5787\/revisions"}],"predecessor-version":[{"id":7820,"href":"https:\/\/www.alting.com\/ca\/wp-json\/wp\/v2\/pages\/5787\/revisions\/7820"}],"wp:attachment":[{"href":"https:\/\/www.alting.com\/ca\/wp-json\/wp\/v2\/media?parent=5787"}],"curies":[{"name":"wp","href":"https:\/\/api.w.org\/{rel}","templated":true}]}}